{"id":3883,"date":"2025-02-07T21:59:21","date_gmt":"2025-02-07T21:59:21","guid":{"rendered":"https:\/\/meaztegigolf.eus\/competitions-2\/"},"modified":"2025-02-21T08:48:27","modified_gmt":"2025-02-21T08:48:27","slug":"competitions-2","status":"publish","type":"page","link":"https:\/\/meaztegigolf.eus\/en\/competitions-2\/","title":{"rendered":"Competitions"},"content":{"rendered":"\t\t<div data-elementor-type=\"wp-page\" data-elementor-id=\"3883\" class=\"elementor elementor-3883 elementor-3755\" data-elementor-settings=\"{&quot;element_pack_global_tooltip_width&quot;:{&quot;unit&quot;:&quot;px&quot;,&quot;size&quot;:&quot;&quot;,&quot;sizes&quot;:[]},&quot;element_pack_global_tooltip_width_tablet&quot;:{&quot;unit&quot;:&quot;px&quot;,&quot;size&quot;:&quot;&quot;,&quot;sizes&quot;:[]},&quot;element_pack_global_tooltip_width_mobile&quot;:{&quot;unit&quot;:&quot;px&quot;,&quot;size&quot;:&quot;&quot;,&quot;sizes&quot;:[]},&quot;element_pack_global_tooltip_padding&quot;:{&quot;unit&quot;:&quot;px&quot;,&quot;top&quot;:&quot;&quot;,&quot;right&quot;:&quot;&quot;,&quot;bottom&quot;:&quot;&quot;,&quot;left&quot;:&quot;&quot;,&quot;isLinked&quot;:true},&quot;element_pack_global_tooltip_padding_tablet&quot;:{&quot;unit&quot;:&quot;px&quot;,&quot;top&quot;:&quot;&quot;,&quot;right&quot;:&quot;&quot;,&quot;bottom&quot;:&quot;&quot;,&quot;left&quot;:&quot;&quot;,&quot;isLinked&quot;:true},&quot;element_pack_global_tooltip_padding_mobile&quot;:{&quot;unit&quot;:&quot;px&quot;,&quot;top&quot;:&quot;&quot;,&quot;right&quot;:&quot;&quot;,&quot;bottom&quot;:&quot;&quot;,&quot;left&quot;:&quot;&quot;,&quot;isLinked&quot;:true},&quot;element_pack_global_tooltip_border_radius&quot;:{&quot;unit&quot;:&quot;px&quot;,&quot;top&quot;:&quot;&quot;,&quot;right&quot;:&quot;&quot;,&quot;bottom&quot;:&quot;&quot;,&quot;left&quot;:&quot;&quot;,&quot;isLinked&quot;:true},&quot;element_pack_global_tooltip_border_radius_tablet&quot;:{&quot;unit&quot;:&quot;px&quot;,&quot;top&quot;:&quot;&quot;,&quot;right&quot;:&quot;&quot;,&quot;bottom&quot;:&quot;&quot;,&quot;left&quot;:&quot;&quot;,&quot;isLinked&quot;:true},&quot;element_pack_global_tooltip_border_radius_mobile&quot;:{&quot;unit&quot;:&quot;px&quot;,&quot;top&quot;:&quot;&quot;,&quot;right&quot;:&quot;&quot;,&quot;bottom&quot;:&quot;&quot;,&quot;left&quot;:&quot;&quot;,&quot;isLinked&quot;:true}}\" data-elementor-post-type=\"page\">\n\t\t\t\t\t\t<section class=\"elementor-section elementor-top-section elementor-element elementor-element-60f9c986 elementor-section-height-min-height elementor-section-boxed elementor-section-height-default elementor-section-items-middle\" data-id=\"60f9c986\" data-element_type=\"section\" data-e-type=\"section\" data-settings=\"{&quot;background_background&quot;:&quot;gradient&quot;,&quot;shape_divider_bottom&quot;:&quot;waves&quot;}\">\n\t\t\t\t\t\t\t<div class=\"elementor-background-overlay\"><\/div>\n\t\t\t\t\t\t<div class=\"elementor-shape elementor-shape-bottom\" aria-hidden=\"true\" data-negative=\"false\">\n\t\t\t<svg xmlns=\"http:\/\/www.w3.org\/2000\/svg\" viewBox=\"0 0 1000 100\" preserveAspectRatio=\"none\">\n\t<path class=\"elementor-shape-fill\" d=\"M421.9,6.5c22.6-2.5,51.5,0.4,75.5,5.3c23.6,4.9,70.9,23.5,100.5,35.7c75.8,32.2,133.7,44.5,192.6,49.7\n\tc23.6,2.1,48.7,3.5,103.4-2.5c54.7-6,106.2-25.6,106.2-25.6V0H0v30.3c0,0,72,32.6,158.4,30.5c39.2-0.7,92.8-6.7,134-22.4\n\tc21.2-8.1,52.2-18.2,79.7-24.2C399.3,7.9,411.6,7.5,421.9,6.5z\"\/>\n<\/svg>\t\t<\/div>\n\t\t\t\t\t<div class=\"elementor-container elementor-column-gap-default\">\n\t\t\t\t\t<div class=\"aux-parallax-section elementor-column elementor-col-50 elementor-top-column elementor-element elementor-element-37cae2c5\" data-id=\"37cae2c5\" data-element_type=\"column\" data-e-type=\"column\">\n\t\t\t<div class=\"elementor-widget-wrap elementor-element-populated\">\n\t\t\t\t\t\t<div class=\"elementor-element elementor-element-31323005 elementor-widget elementor-widget-heading\" data-id=\"31323005\" data-element_type=\"widget\" data-e-type=\"widget\" data-widget_type=\"heading.default\">\n\t\t\t\t\t<h3 class=\"elementor-heading-title elementor-size-default\">Meaztegi Golf <\/h3>\t\t\t\t<\/div>\n\t\t\t\t<div class=\"elementor-element elementor-element-61dd2848 elementor-widget elementor-widget-heading\" data-id=\"61dd2848\" data-element_type=\"widget\" data-e-type=\"widget\" data-widget_type=\"heading.default\">\n\t\t\t\t\t<h1 class=\"elementor-heading-title elementor-size-default\">Competiciones <br> Meaztegi Golf<\/h1>\t\t\t\t<\/div>\n\t\t\t\t<div class=\"elementor-element elementor-element-7e7ccfce elementor-widget elementor-widget-text-editor\" data-id=\"7e7ccfce\" data-element_type=\"widget\" data-e-type=\"widget\" data-widget_type=\"text-editor.default\">\n\t\t\t\t\t\t\t\t\t<p>Calendario de torneos y eventos<\/p>\t\t\t\t\t\t\t\t<\/div>\n\t\t\t\t\t<\/div>\n\t\t<\/div>\n\t\t\t\t<div class=\"aux-parallax-section elementor-column elementor-col-50 elementor-top-column elementor-element elementor-element-664e1f4d\" data-id=\"664e1f4d\" data-element_type=\"column\" data-e-type=\"column\">\n\t\t\t<div class=\"elementor-widget-wrap elementor-element-populated\">\n\t\t\t\t\t\t<div class=\"elementor-element elementor-element-bef0aec elementor-invisible elementor-widget elementor-widget-image\" data-id=\"bef0aec\" data-element_type=\"widget\" data-e-type=\"widget\" data-settings=\"{&quot;_animation&quot;:&quot;fadeInRight&quot;}\" data-widget_type=\"image.default\">\n\t\t\t\t\t\t\t\t\t\t\t\t\t\t\t<img fetchpriority=\"high\" decoding=\"async\" width=\"800\" height=\"800\" src=\"https:\/\/meaztegigolf.eus\/wp-content\/uploads\/2020\/02\/Inigo-bunler-Meaztegi-Golf-Bizkaia-Bilbao.png\" class=\"attachment-full size-full wp-image-2784\" alt=\"I\u00f1igo bunler-Meaztegi-Golf-Bizkaia-Bilbao\" srcset=\"https:\/\/meaztegigolf.eus\/wp-content\/uploads\/2020\/02\/Inigo-bunler-Meaztegi-Golf-Bizkaia-Bilbao.png 800w, https:\/\/meaztegigolf.eus\/wp-content\/uploads\/2020\/02\/Inigo-bunler-Meaztegi-Golf-Bizkaia-Bilbao-300x300.png 300w, https:\/\/meaztegigolf.eus\/wp-content\/uploads\/2020\/02\/Inigo-bunler-Meaztegi-Golf-Bizkaia-Bilbao-150x150.png 150w, https:\/\/meaztegigolf.eus\/wp-content\/uploads\/2020\/02\/Inigo-bunler-Meaztegi-Golf-Bizkaia-Bilbao-768x768.png 768w\" sizes=\"(max-width: 800px) 100vw, 800px\" \/>\t\t\t\t\t\t\t\t\t\t\t\t\t\t\t<\/div>\n\t\t\t\t\t<\/div>\n\t\t<\/div>\n\t\t\t\t\t<\/div>\n\t\t<\/section>\n\t\t\t\t<section class=\"elementor-section elementor-top-section elementor-element elementor-element-2512f566 elementor-section-height-min-height elementor-reverse-mobile elementor-reverse-tablet elementor-section-boxed elementor-section-height-default elementor-section-items-middle\" data-id=\"2512f566\" data-element_type=\"section\" data-e-type=\"section\" data-settings=\"{&quot;background_background&quot;:&quot;classic&quot;}\">\n\t\t\t\t\t\t\t<div class=\"elementor-background-overlay\"><\/div>\n\t\t\t\t\t\t\t<div class=\"elementor-container elementor-column-gap-default\">\n\t\t\t\t\t<div class=\"aux-parallax-section elementor-column elementor-col-50 elementor-top-column elementor-element elementor-element-14837e96 elementor-invisible\" data-id=\"14837e96\" data-element_type=\"column\" data-e-type=\"column\" data-settings=\"{&quot;background_background&quot;:&quot;classic&quot;,&quot;animation&quot;:&quot;fadeInLeft&quot;}\">\n\t\t\t<div class=\"elementor-widget-wrap elementor-element-populated\">\n\t\t\t\t\t\t<div class=\"elementor-element elementor-element-6fc26587 elementor-widget elementor-widget-image\" data-id=\"6fc26587\" data-element_type=\"widget\" data-e-type=\"widget\" data-widget_type=\"image.default\">\n\t\t\t\t\t\t\t\t\t\t\t\t\t\t\t<img decoding=\"async\" width=\"800\" height=\"800\" src=\"https:\/\/meaztegigolf.eus\/wp-content\/uploads\/2020\/02\/Green8-con-nina-pateando-Meaztegi-Golf-Bizkaia-Bilbao.png\" class=\"attachment-large size-large wp-image-2783\" alt=\"Green8 con ni\u00f1a pateando-Meaztegi-Golf-Bizkaia-Bilbao\" srcset=\"https:\/\/meaztegigolf.eus\/wp-content\/uploads\/2020\/02\/Green8-con-nina-pateando-Meaztegi-Golf-Bizkaia-Bilbao.png 800w, https:\/\/meaztegigolf.eus\/wp-content\/uploads\/2020\/02\/Green8-con-nina-pateando-Meaztegi-Golf-Bizkaia-Bilbao-300x300.png 300w, https:\/\/meaztegigolf.eus\/wp-content\/uploads\/2020\/02\/Green8-con-nina-pateando-Meaztegi-Golf-Bizkaia-Bilbao-150x150.png 150w, https:\/\/meaztegigolf.eus\/wp-content\/uploads\/2020\/02\/Green8-con-nina-pateando-Meaztegi-Golf-Bizkaia-Bilbao-768x768.png 768w\" sizes=\"(max-width: 800px) 100vw, 800px\" \/>\t\t\t\t\t\t\t\t\t\t\t\t\t\t\t<\/div>\n\t\t\t\t\t<\/div>\n\t\t<\/div>\n\t\t\t\t<div class=\"aux-parallax-section elementor-column elementor-col-50 elementor-top-column elementor-element elementor-element-978f888 elementor-invisible\" data-id=\"978f888\" data-element_type=\"column\" data-e-type=\"column\" data-settings=\"{&quot;animation&quot;:&quot;fadeIn&quot;}\">\n\t\t\t<div class=\"elementor-widget-wrap elementor-element-populated\">\n\t\t\t\t\t\t<div class=\"elementor-element elementor-element-3b766935 elementor-widget elementor-widget-heading\" data-id=\"3b766935\" data-element_type=\"widget\" data-e-type=\"widget\" data-widget_type=\"heading.default\">\n\t\t\t\t\t<h3 class=\"elementor-heading-title elementor-size-default\">Campo de golf de Bizkaia<\/h3>\t\t\t\t<\/div>\n\t\t\t\t<div class=\"elementor-element elementor-element-3786967e elementor-widget elementor-widget-heading\" data-id=\"3786967e\" data-element_type=\"widget\" data-e-type=\"widget\" data-settings=\"{&quot;motion_fx_motion_fx_scrolling&quot;:&quot;yes&quot;,&quot;motion_fx_translateY_effect&quot;:&quot;yes&quot;,&quot;motion_fx_translateY_speed&quot;:{&quot;unit&quot;:&quot;px&quot;,&quot;size&quot;:&quot;0.5&quot;,&quot;sizes&quot;:[]},&quot;motion_fx_translateY_affectedRange&quot;:{&quot;unit&quot;:&quot;%&quot;,&quot;size&quot;:&quot;&quot;,&quot;sizes&quot;:{&quot;start&quot;:&quot;0&quot;,&quot;end&quot;:&quot;50&quot;}},&quot;motion_fx_opacity_effect&quot;:&quot;yes&quot;,&quot;motion_fx_opacity_range&quot;:{&quot;unit&quot;:&quot;%&quot;,&quot;size&quot;:&quot;&quot;,&quot;sizes&quot;:{&quot;start&quot;:&quot;0&quot;,&quot;end&quot;:&quot;50&quot;}},&quot;motion_fx_devices&quot;:[&quot;desktop&quot;,&quot;mobile&quot;],&quot;motion_fx_opacity_direction&quot;:&quot;out-in&quot;,&quot;motion_fx_opacity_level&quot;:{&quot;unit&quot;:&quot;px&quot;,&quot;size&quot;:10,&quot;sizes&quot;:[]}}\" data-widget_type=\"heading.default\">\n\t\t\t\t\t<h2 class=\"elementor-heading-title elementor-size-default\">Competiciones <br>Torneos y eventos<\/h2>\t\t\t\t<\/div>\n\t\t\t\t<div class=\"elementor-element elementor-element-13f10096 elementor-widget elementor-widget-text-editor\" data-id=\"13f10096\" data-element_type=\"widget\" data-e-type=\"widget\" data-widget_type=\"text-editor.default\">\n\t\t\t\t\t\t\t\t\t<p>En <strong><span style=\"color: #093f33;\">Meaztegi golf desarrollamos durante todo el a\u00f1o actividades de golf<\/span> <\/strong>centradas en el disfrute y diversi\u00f3n de nuestros abonados y de nuestros clientes.<\/p><p>Nuestro calendario abarca desde <span style=\"color: #093f33;\"><strong>competiciones, torneos y eventos<\/strong><\/span> organizados para crear un buen ambiente deportivo.<\/p><p>\u00a0<\/p>\t\t\t\t\t\t\t\t<\/div>\n\t\t\t\t\t<\/div>\n\t\t<\/div>\n\t\t\t\t\t<\/div>\n\t\t<\/section>\n\t\t\t\t<section class=\"elementor-section elementor-top-section elementor-element elementor-element-7401db1d elementor-section-boxed elementor-section-height-default elementor-section-height-default elementor-invisible\" data-id=\"7401db1d\" data-element_type=\"section\" data-e-type=\"section\" data-settings=\"{&quot;animation&quot;:&quot;fadeIn&quot;}\">\n\t\t\t\t\t\t<div class=\"elementor-container elementor-column-gap-default\">\n\t\t\t\t\t<div class=\"aux-parallax-section elementor-column elementor-col-100 elementor-top-column elementor-element elementor-element-f92f535\" data-id=\"f92f535\" data-element_type=\"column\" data-e-type=\"column\">\n\t\t\t<div class=\"elementor-widget-wrap elementor-element-populated\">\n\t\t\t\t\t\t<div class=\"elementor-element elementor-element-2723c012 elementor-widget elementor-widget-heading\" data-id=\"2723c012\" data-element_type=\"widget\" data-e-type=\"widget\" data-settings=\"{&quot;motion_fx_motion_fx_scrolling&quot;:&quot;yes&quot;,&quot;motion_fx_translateY_effect&quot;:&quot;yes&quot;,&quot;motion_fx_translateY_speed&quot;:{&quot;unit&quot;:&quot;px&quot;,&quot;size&quot;:&quot;0.5&quot;,&quot;sizes&quot;:[]},&quot;motion_fx_translateY_affectedRange&quot;:{&quot;unit&quot;:&quot;%&quot;,&quot;size&quot;:&quot;&quot;,&quot;sizes&quot;:{&quot;start&quot;:&quot;0&quot;,&quot;end&quot;:&quot;50&quot;}},&quot;motion_fx_opacity_effect&quot;:&quot;yes&quot;,&quot;motion_fx_opacity_range&quot;:{&quot;unit&quot;:&quot;%&quot;,&quot;size&quot;:&quot;&quot;,&quot;sizes&quot;:{&quot;start&quot;:&quot;0&quot;,&quot;end&quot;:&quot;50&quot;}},&quot;motion_fx_devices&quot;:[&quot;desktop&quot;,&quot;mobile&quot;],&quot;motion_fx_opacity_direction&quot;:&quot;out-in&quot;,&quot;motion_fx_opacity_level&quot;:{&quot;unit&quot;:&quot;px&quot;,&quot;size&quot;:10,&quot;sizes&quot;:[]}}\" data-widget_type=\"heading.default\">\n\t\t\t\t\t<h2 class=\"elementor-heading-title elementor-size-default\">Calendario\n<br>Meaztegi Golf<\/h2>\t\t\t\t<\/div>\n\t\t\t\t\t<\/div>\n\t\t<\/div>\n\t\t\t\t\t<\/div>\n\t\t<\/section>\n\t\t<div class=\"aux-parallax-section elementor-element elementor-element-6a51f9d7 e-flex e-con-boxed e-con e-parent\" data-id=\"6a51f9d7\" data-element_type=\"container\" data-e-type=\"container\">\n\t\t\t\t\t<div class=\"e-con-inner\">\n\t\t\t\t<div class=\"elementor-element elementor-element-266028cf elementor-widget elementor-widget-text-editor\" data-id=\"266028cf\" data-element_type=\"widget\" data-e-type=\"widget\" data-widget_type=\"text-editor.default\">\n\t\t\t\t\t\t\t\t\t<!DOCTYPE html>\n<html lang=\"es\">\n<head>\n    <meta charset=\"UTF-8\">\n    <meta name=\"viewport\" content=\"width=device-width, initial-scale=1.0\">\n    <title>Competiciones Meaztegi Golf 2025<\/title>\n    <style>\n        table {\n            width: 100%;\n            border-collapse: collapse;\n            text-align: left;\n        }\n        th, td {\n            border: 1px solid black;\n            padding: 8px;\n        }\n        th {\n            background-color: #f2f2f2;\n        }\n    <\/style>\n<\/head>\n<body data-rsssl=1>\n    <h2>Competiciones Meaztegi Golf 2025<\/h2>\n    <table border=\"1\" cellspacing=\"0\" cellpadding=\"5\">\n        <thead>\n            <tr>\n                <th>Mes<\/th>\n                <th>Fecha<\/th>\n                <th>Competici\u00f3n<\/th>\n            <\/tr>\n        <\/thead>\n        <tbody>\n            <tr><td>Enero<\/td><td>28 M<\/td><td>Torneo Aesgolf P&#038;P<\/td><\/tr>\n            <tr><td>Marzo<\/td><td>12 X<\/td><td>Torneo S\u00e9nior Abierto. 1\u00aa Prueba Ranking S\u00e9nior<\/td><\/tr>\n            <tr><td>Marzo<\/td><td>15 S<\/td><td>Torneo Abierto. 1\u00aa prueba Ranking Meaztegi<\/td><\/tr>\n            <tr><td>Marzo<\/td><td>16 D<\/td><td>1er Torneo Ranking P&#038;P<\/td><\/tr>\n            <tr><td>Marzo<\/td><td>18 M<\/td><td>Ruta del Vino Meaztegi<\/td><\/tr>\n            <tr><td>Marzo<\/td><td>26 X<\/td><td>Torneo AESGOLF<\/td><\/tr>\n            <tr><td>Abril<\/td><td>5 S<\/td><td>Campeonato Dobles Mixto Bizkaia<\/td><\/tr>\n            <tr><td>Abril<\/td><td>9 X<\/td><td>Torneo S\u00e9nior Abierto. 2\u00aa Prueba Ranking S\u00e9nior<\/td><\/tr>\n            <tr><td>Abril<\/td><td>12 S<\/td><td>2\u00ba Torneo Ranking P&#038;P<\/td><\/tr>\n            <tr><td>Abril<\/td><td>13 D<\/td><td>Torneo Abierto. 2\u00aa prueba Ranking Meaztegi<\/td><\/tr>\n            <tr><td>Abril<\/td><td>14 \u2013 16<\/td><td>WAGR Junior Internacional Femenino<\/td><\/tr>\n            <tr><td>Abril<\/td><td>22 \u2013 25<\/td><td>Pinchado de Greenes<\/td><\/tr>\n            <tr><td>Mayo<\/td><td>10 S<\/td><td>3er Torneo Ranking P&#038;P<\/td><\/tr>\n            <tr><td>Mayo<\/td><td>11 D<\/td><td>Torneo Abierto. 3\u00aa prueba Ranking Meaztegi<\/td><\/tr>\n            <tr><td>Mayo<\/td><td>14 X<\/td><td>Torneo S\u00e9nior Abierto. 3\u00aa Prueba Ranking S\u00e9nior<\/td><\/tr>\n            <tr><td>Mayo<\/td><td>17 S<\/td><td>Campeonato Bizkaia Scramble Mixto<\/td><\/tr>\n            <tr><td>Mayo<\/td><td>27 M<\/td><td>Campeonato Bizkaia Senior<\/td><\/tr>\n            <tr><td>Junio<\/td><td>7 S<\/td><td>4\u00ba Torneo Ranking P&#038;P<\/td><\/tr>\n            <tr><td>Junio<\/td><td>8 D<\/td><td>Torneo Abierto. 4\u00aa Prueba Ranking Meaztegi<\/td><\/tr>\n            <tr><td>Junio<\/td><td>11 X<\/td><td>Torneo S\u00e9nior Abierto. 4\u00aa Prueba Ranking S\u00e9nior<\/td><\/tr>\n            <tr><td>Junio<\/td><td>16 \u2013 22<\/td><td>III Bizkaia PGAe OPEN<\/td><\/tr>\n            <tr><td>Junio<\/td><td>30 L<\/td><td>Campeonato Bizkaia Infantil<\/td><\/tr>\n            <tr><td>Julio<\/td><td>5 S<\/td><td>Torneo Texas Scramble Meaztegi \u201cMemorial Corti\u201d<\/td><\/tr>\n            <tr><td>Julio<\/td><td>9 X<\/td><td>Torneo S\u00e9nior Abierto. 5\u00aa Prueba Ranking S\u00e9nior<\/td><\/tr>\n            <tr><td>Julio<\/td><td>14 L<\/td><td>Campeonato Infantil Meaztegi<\/td><\/tr>\n            <tr><td>Julio<\/td><td>19 S<\/td><td>Torneo Abierto. 5\u00aa prueba Ranking Meaztegi<\/td><\/tr>\n            <tr><td>Julio<\/td><td>20 D<\/td><td>5\u00ba Torneo Ranking P&#038;P<\/td><\/tr>\n            <tr><td>Julio<\/td><td>30 X<\/td><td>Torneo S\u00e9nior Abierto \u201cParejas\u201d. 6\u00aa Ranking S\u00e9nior<\/td><\/tr>\n            <tr><td>Agosto<\/td><td>31\/07 &#8211; 3<\/td><td>Copa Federaci\u00f3n<\/td><\/tr>\n            <tr><td>Agosto<\/td><td>9 S<\/td><td>Torneo Abierto. 6\u00aa prueba Ranking Meaztegi<\/td><\/tr>\n            <tr><td>Agosto<\/td><td>10 D<\/td><td>6\u00ba Torneo Ranking P&#038;P<\/td><\/tr>\n            <tr><td>Agosto<\/td><td>14 J<\/td><td>Torneo AESGOLF<\/td><\/tr>\n            <tr><td>Agosto<\/td><td>18 \u2013 22<\/td><td>Pinchado de Greenes<\/td><\/tr>\n            <tr><td>Septiembre<\/td><td>13 \u2013 14<\/td><td>Campeonato Absoluto Meaztegi<\/td><\/tr>\n            <tr><td>Septiembre<\/td><td>17 X<\/td><td>Torneo S\u00e9nior Abierto. 7\u00aa Prueba Ranking S\u00e9nior<\/td><\/tr>\n            <tr><td>Septiembre<\/td><td>27 S<\/td><td>7\u00ba Torneo Ranking P&#038;P<\/td><\/tr>\n            <tr><td>Septiembre<\/td><td>28 D<\/td><td>7\u00aa prueba Ranking Meaztegi<\/td><\/tr>\n            <tr><td>Octubre<\/td><td>8 X<\/td><td>Final Ranking Senior<\/td><\/tr>\n            <tr><td>Octubre<\/td><td>11 S<\/td><td>Final Ranking P&#038;P<\/td><\/tr>\n            <tr><td>Octubre<\/td><td>12 D<\/td><td>Final Ranking Meaztegi<\/td><\/tr>\n            <tr><td>Diciembre<\/td><td>20 \u2013 21<\/td><td>Torneo Dobles Navidad<\/td><\/tr>\n        <\/tbody>\n    <\/table>\n<\/body>\n<\/html>\n\t\t\t\t\t\t\t\t<\/div>\n\t\t\t\t\t<\/div>\n\t\t\t\t<\/div>\n\t\t\t\t<section class=\"elementor-section elementor-top-section elementor-element elementor-element-b3a11fa elementor-section-boxed elementor-section-height-default elementor-section-height-default elementor-invisible\" data-id=\"b3a11fa\" data-element_type=\"section\" data-e-type=\"section\" data-settings=\"{&quot;animation&quot;:&quot;fadeIn&quot;}\">\n\t\t\t\t\t\t\t<div class=\"elementor-background-overlay\"><\/div>\n\t\t\t\t\t\t\t<div class=\"elementor-container elementor-column-gap-default\">\n\t\t\t\t\t<div class=\"aux-parallax-section elementor-column elementor-col-100 elementor-top-column elementor-element elementor-element-290186cd\" data-id=\"290186cd\" data-element_type=\"column\" data-e-type=\"column\">\n\t\t\t<div class=\"elementor-widget-wrap elementor-element-populated\">\n\t\t\t\t\t\t<div class=\"elementor-element elementor-element-4287d266 elementor-widget elementor-widget-heading\" data-id=\"4287d266\" data-element_type=\"widget\" data-e-type=\"widget\" data-settings=\"{&quot;motion_fx_motion_fx_scrolling&quot;:&quot;yes&quot;,&quot;motion_fx_translateY_effect&quot;:&quot;yes&quot;,&quot;motion_fx_translateY_speed&quot;:{&quot;unit&quot;:&quot;px&quot;,&quot;size&quot;:&quot;0.5&quot;,&quot;sizes&quot;:[]},&quot;motion_fx_translateY_affectedRange&quot;:{&quot;unit&quot;:&quot;%&quot;,&quot;size&quot;:&quot;&quot;,&quot;sizes&quot;:{&quot;start&quot;:&quot;0&quot;,&quot;end&quot;:&quot;50&quot;}},&quot;motion_fx_opacity_effect&quot;:&quot;yes&quot;,&quot;motion_fx_opacity_range&quot;:{&quot;unit&quot;:&quot;%&quot;,&quot;size&quot;:&quot;&quot;,&quot;sizes&quot;:{&quot;start&quot;:&quot;0&quot;,&quot;end&quot;:&quot;50&quot;}},&quot;motion_fx_devices&quot;:[&quot;desktop&quot;,&quot;mobile&quot;],&quot;motion_fx_opacity_direction&quot;:&quot;out-in&quot;,&quot;motion_fx_opacity_level&quot;:{&quot;unit&quot;:&quot;px&quot;,&quot;size&quot;:10,&quot;sizes&quot;:[]}}\" data-widget_type=\"heading.default\">\n\t\t\t\t\t<h3 class=\"elementor-heading-title elementor-size-default\"><a href=\"https:\/\/meaztegigolf.eus\/wp-content\/uploads\/2020\/07\/Formulario-Localizaci\u00f3n-Personal-FVG-FLP-COVID19.pdf\">Reglamento Liga Meaztegi Golf Meatzaldea 2021<\/a><\/h3>\t\t\t\t<\/div>\n\t\t\t\t<div class=\"elementor-element elementor-element-7c81b876 elementor-align-center elementor-widget elementor-widget-button\" data-id=\"7c81b876\" data-element_type=\"widget\" data-e-type=\"widget\" data-widget_type=\"button.default\">\n\t\t\t\t\t\t\t\t\t\t<a class=\"elementor-button elementor-button-link elementor-size-lg\" href=\"https:\/\/meaztegigolf.eus\/wp-content\/uploads\/2021\/03\/Reglamento-Ligas-Meaztegi-Golf-2021.pdf\">\n\t\t\t\t\t\t<span class=\"elementor-button-content-wrapper\">\n\t\t\t\t\t\t\t\t\t<span class=\"elementor-button-text\">Reglamento Liga Meaztegi Golf Meatzaldea<\/span>\n\t\t\t\t\t<\/span>\n\t\t\t\t\t<\/a>\n\t\t\t\t\t\t\t\t<\/div>\n\t\t\t\t\t<\/div>\n\t\t<\/div>\n\t\t\t\t\t<\/div>\n\t\t<\/section>\n\t\t\t\t<section class=\"elementor-section elementor-top-section elementor-element elementor-element-34e09fc8 elementor-section-boxed elementor-section-height-default elementor-section-height-default elementor-invisible\" data-id=\"34e09fc8\" data-element_type=\"section\" data-e-type=\"section\" data-settings=\"{&quot;animation&quot;:&quot;fadeIn&quot;}\">\n\t\t\t\t\t\t<div class=\"elementor-container elementor-column-gap-no\">\n\t\t\t\t\t<div class=\"aux-parallax-section elementor-column elementor-col-100 elementor-top-column elementor-element elementor-element-45807cbd\" data-id=\"45807cbd\" data-element_type=\"column\" data-e-type=\"column\">\n\t\t\t<div class=\"elementor-widget-wrap elementor-element-populated\">\n\t\t\t\t\t\t<div class=\"elementor-element elementor-element-389eb5b4 elementor-testimonial--layout-image_stacked elementor-testimonial--skin-default elementor-testimonial--align-center elementor-arrows-yes elementor-pagination-type-bullets elementor-widget elementor-widget-testimonial-carousel\" data-id=\"389eb5b4\" data-element_type=\"widget\" data-e-type=\"widget\" data-settings=\"{&quot;space_between&quot;:{&quot;unit&quot;:&quot;px&quot;,&quot;size&quot;:22,&quot;sizes&quot;:[]},&quot;show_arrows&quot;:&quot;yes&quot;,&quot;pagination&quot;:&quot;bullets&quot;,&quot;speed&quot;:500,&quot;autoplay&quot;:&quot;yes&quot;,&quot;autoplay_speed&quot;:5000,&quot;loop&quot;:&quot;yes&quot;,&quot;pause_on_hover&quot;:&quot;yes&quot;,&quot;pause_on_interaction&quot;:&quot;yes&quot;,&quot;space_between_tablet&quot;:{&quot;unit&quot;:&quot;px&quot;,&quot;size&quot;:10,&quot;sizes&quot;:[]},&quot;space_between_mobile&quot;:{&quot;unit&quot;:&quot;px&quot;,&quot;size&quot;:10,&quot;sizes&quot;:[]}}\" data-widget_type=\"testimonial-carousel.default\">\n\t\t\t\t\t\t\t\t\t\t<div class=\"elementor-main-swiper swiper\" role=\"region\" aria-roledescription=\"carousel\" aria-label=\"Diapositivas\">\n\t\t\t\t<div class=\"swiper-wrapper\">\n\t\t\t\t\t\t\t\t\t\t\t<div class=\"swiper-slide\" role=\"group\" aria-roledescription=\"slide\">\n\t\t\t\t\t\t\t\t\t<div class=\"elementor-testimonial\">\n\t\t\t\t\t\t\t<div class=\"elementor-testimonial__content\">\n\t\t\t\t\t<div class=\"elementor-testimonial__text\">\n\t\t\t\t\t\t\"Me gustar\u00eda que las calles fueran m\u00e1s estrechas. As\u00ed todo el mundo tendr\u00eda que jugar desde el rough, y no solo yo\"\t\t\t\t\t<\/div>\n\t\t\t\t\t\t\t\t\t<\/div>\n\t\t\t\t\t\t<div class=\"elementor-testimonial__footer\">\n\t\t\t\t\t\t\t\t\t<div class=\"elementor-testimonial__image\">\n\t\t\t\t\t\t<img decoding=\"async\" src=\"https:\/\/meaztegigolf.eus\/wp-content\/uploads\/2020\/12\/Severiano-Ballesteros.jpeg\" alt=\"Severiano Ballesteros\">\n\t\t\t\t\t\t\t\t\t\t\t<\/div>\n\t\t\t\t\t\t\t\t<cite class=\"elementor-testimonial__cite\"><span class=\"elementor-testimonial__name\">Severiano Ballesteros<\/span><span class=\"elementor-testimonial__title\">Dise\u00f1ador de meaztegi Golf<\/span><\/cite>\t\t\t<\/div>\n\t\t<\/div>\n\t\t\t\t\t\t\t\t<\/div>\n\t\t\t\t\t\t\t\t\t<\/div>\n\t\t\t\t\t\t\t<\/div>\n\t\t\t\t\t\t\t\t<\/div>\n\t\t\t\t\t<\/div>\n\t\t<\/div>\n\t\t\t\t\t<\/div>\n\t\t<\/section>\n\t\t\t\t<\/div>\n\t\t","protected":false},"excerpt":{"rendered":"<p>Meaztegi Golf Competiciones Meaztegi Golf Calendario de torneos y eventos Campo de golf de Bizkaia Competiciones Torneos y eventos En Meaztegi golf desarrollamos durante todo el a\u00f1o actividades de golf centradas en el disfrute y diversi\u00f3n de nuestros abonados y de nuestros clientes. Nuestro calendario abarca desde competiciones, torneos y eventos organizados para crear un [&hellip;]<\/p>\n","protected":false},"author":1,"featured_media":0,"parent":0,"menu_order":0,"comment_status":"closed","ping_status":"closed","template":"elementor_header_footer","meta":{"footnotes":""},"class_list":["post-3883","page","type-page","status-publish","hentry"],"_links":{"self":[{"href":"https:\/\/meaztegigolf.eus\/en\/wp-json\/wp\/v2\/pages\/3883","targetHints":{"allow":["GET"]}}],"collection":[{"href":"https:\/\/meaztegigolf.eus\/en\/wp-json\/wp\/v2\/pages"}],"about":[{"href":"https:\/\/meaztegigolf.eus\/en\/wp-json\/wp\/v2\/types\/page"}],"author":[{"embeddable":true,"href":"https:\/\/meaztegigolf.eus\/en\/wp-json\/wp\/v2\/users\/1"}],"replies":[{"embeddable":true,"href":"https:\/\/meaztegigolf.eus\/en\/wp-json\/wp\/v2\/comments?post=3883"}],"version-history":[{"count":2,"href":"https:\/\/meaztegigolf.eus\/en\/wp-json\/wp\/v2\/pages\/3883\/revisions"}],"predecessor-version":[{"id":3885,"href":"https:\/\/meaztegigolf.eus\/en\/wp-json\/wp\/v2\/pages\/3883\/revisions\/3885"}],"wp:attachment":[{"href":"https:\/\/meaztegigolf.eus\/en\/wp-json\/wp\/v2\/media?parent=3883"}],"curies":[{"name":"wp","href":"https:\/\/api.w.org\/{rel}","templated":true}]}}